{"id":111,"date":"2024-10-25T07:00:47","date_gmt":"2024-10-25T07:00:47","guid":{"rendered":"https:\/\/chemicopro.com\/?post_type=product&#038;p=111"},"modified":"2025-10-21T11:00:28","modified_gmt":"2025-10-21T11:00:28","slug":"phenylessigsaure","status":"publish","type":"product","link":"https:\/\/chemicopro.com\/de\/product\/phenylessigsaure\/","title":{"rendered":"Phenylessigs\u00e4ure"},"content":{"rendered":"<h2><strong>Hochwertige Phenylessigs\u00e4ure f\u00fcr pharmazeutische, chemische und industrielle Anwendungen <a href=\"https:\/\/chemspowder.com\/es\/producto\/order-etodesnitazene-etazene-powder\/\">-<\/a> Chemicopro<\/strong><\/h2>\n<p>Unter <strong>chemicopro.de<\/strong>bieten wir Premium <a href=\"https:\/\/chemicopro.com\/de\/product\/phenylessigsaure\/\"><strong>Phenylessigs\u00e4ure<\/strong><\/a>eine vielseitige organische Verbindung, die h\u00e4ufig in <strong>pharmazeutische Herstellung, chemische Synthese und industrielle Anwendungen<\/strong>. Phenylessigs\u00e4ure ist bekannt f\u00fcr ihre Rolle bei der Herstellung von Duftstoffen, Arzneimitteln und Feinchemikalien und ist wichtig f\u00fcr <strong>Arzneimittelsynthese, Parf\u00fcmerie und Herstellung von Spezialchemikalien<\/strong>. Die hochreine Phenylessigs\u00e4ure von Chemicopro gew\u00e4hrleistet zuverl\u00e4ssige Qualit\u00e4t und unterst\u00fctzt Fachleute in verschiedenen Bereichen<a href=\"https:\/\/chemicopro.com\/de\/product\/ethylather\/\">.<\/a><\/p>\n<p><strong>Synonym(e): Phenylessigs\u00e4ure-Carboxy-13C<\/strong><br \/>\n<strong>Lineare Formel: C6H5CH213CO2H<\/strong><br \/>\n<strong>CAS-Nr.:57825-33-9<\/strong><br \/>\n<strong>Molekulargewicht:137.14<\/strong><\/p>\n<h3>Warum Chemicopro f\u00fcr Phenylessigs\u00e4ure w\u00e4hlen?<\/h3>\n<p><strong>1. Hohe Reinheit und gleichbleibende Qualit\u00e4t<\/strong><br \/>\nUnsere Phenylessigs\u00e4ure wird unter Einhaltung hoher Reinheitsstandards raffiniert und ist daher ideal f\u00fcr <strong>pharmazeutische Synthese, Duftstoffherstellung und Laborforschung<\/strong>. Die hochwertige Phenylessigs\u00e4ure von Chemicopro gew\u00e4hrleistet eine zuverl\u00e4ssige und gleichbleibende Leistung und liefert effektive Ergebnisse f\u00fcr anspruchsvolle Anwendungen.<\/p>\n<p><strong>2. Flexible Sch\u00fcttgutmengen f\u00fcr Kosteneffizienz<\/strong><br \/>\n<a href=\"https:\/\/chemicopro.com\/de\/\">Chemicopro<\/a> bietet Phenylessigs\u00e4ure in einer Vielzahl von Mengen an, von kleinen Beh\u00e4ltern f\u00fcr Laborarbeiten bis hin zu <strong>Gro\u00dfauftr\u00e4ge f\u00fcr die industrielle Produktion<\/strong>. Unsere wettbewerbsf\u00e4hige Preisgestaltung erm\u00f6glicht es Unternehmen, hochwertige Phenylessigs\u00e4ure zu erschwinglichen Preisen zu beziehen und Projekte jeder Gr\u00f6\u00dfe zu realisieren.<\/p>\n<p><strong>3. Sicherer globaler Versand mit sicherer Verpackung<\/strong><br \/>\nWir liefern Phenylessigs\u00e4ure weltweit und erreichen Kunden in <strong>Nordamerika, Europa, Asien und S\u00fcdamerika<\/strong>. Unsere Schutzverpackung bewahrt die Unversehrtheit des Produkts und gew\u00e4hrleistet eine sichere Ankunft f\u00fcr den professionellen Einsatz.<\/p>\n<h3>Wichtige Anwendungen von Phenylessigs\u00e4ure<\/h3>\n<p><strong>Pharmazeutische Herstellung<\/strong><br \/>\nPhenylessigs\u00e4ure wird h\u00e4ufig f\u00fcr die Synthese von <strong>Antibiotika, Analgetika und andere Arzneimittel-Zwischenprodukte<\/strong>und ist daher f\u00fcr die <strong>Pharmaindustrie<\/strong>.<\/p>\n<p><strong>Parf\u00fcm- und Aromaproduktion<\/strong><br \/>\nDie angenehm duftende Phenylessigs\u00e4ure wird als wichtiger Bestandteil von <strong>Parf\u00fcms, Aromen und kosmetische Produkte<\/strong>zur Verbesserung von Duft- und Geschmacksprofilen in der Duft- und Lebensmittelindustrie.<\/p>\n<p><strong>Chemische Synthese und Spezialit\u00e4tenchemie<\/strong><br \/>\nIn der chemischen Produktion ist Phenylessigs\u00e4ure ein gesch\u00e4tztes Reagenz f\u00fcr <strong>Organische Synthese und Herstellung von Spezialchemikalien<\/strong>und unterst\u00fctzt die Entwicklung komplexer Verbindungen.<\/p>\n<h3>Vorteile der Wahl von Phenylessigs\u00e4ure von Chemicopro<\/h3>\n<ul>\n<li><strong>Hohe Reinheit und Stabilit\u00e4t<\/strong>: Geeignet f\u00fcr pharmazeutische, Duft- und Spezialchemieanwendungen.<\/li>\n<li><strong>Flexible Bestelloptionen<\/strong>: Erh\u00e4ltlich als Bulkware und in kleineren Mengen f\u00fcr den Labor- und Industriebedarf.<\/li>\n<li><strong>Zuverl\u00e4ssiger globaler Versand<\/strong>: Sichere Verpackung und zuverl\u00e4ssige Lieferung zur Gew\u00e4hrleistung von Qualit\u00e4t und Sicherheit.<\/li>\n<\/ul>\n<h3>Phenylacetic Acid bei Chemicopro bestellen<\/h3>\n<p>F\u00fcr hochwertige <a href=\"https:\/\/en.wikipedia.org\/wiki\/Phenylacetic_acid\"><strong>Phenylessigs\u00e4ure<\/strong><\/a> f\u00fcr <strong>pharmazeutische Synthese, Duftstoffherstellung oder chemische Anwendungen<\/strong>w\u00e4hlen <strong>chemicopro.de<\/strong>. Chemicopro's hochreine Phenylessigs\u00e4ure bietet Qualit\u00e4t, Zuverl\u00e4ssigkeit und sicheren Service f\u00fcr Fachleute weltweit.<\/p>\n<p><strong>Kontakt<\/strong> um eine Bestellung aufzugeben oder mehr \u00fcber Chemicopro's Phenylessigs\u00e4ure-L\u00f6sungen zu erfahren. Erleben Sie Chemicopro's Engagement f\u00fcr exzellente Chemikalienversorgung, Kundenservice und sichere Distribution.<\/p>","protected":false},"excerpt":{"rendered":"<p>Phenylessigs\u00e4ure ist eine organische Verbindung mit der chemischen Formel <span class=\"katex\"><span class=\"katex-mathml\">C9H10O2\\text{C}_9\\text{H}_{10}\\text{O}_2<\/span><span class=\"katex-html\" aria-hidden=\"true\"><span class=\"base\"><span class=\"mord\"><span class=\"mord text\">C<\/span><span class=\"msupsub\"><span class=\"vlist-t vlist-t2\"><span class=\"vlist-r\"><span class=\"vlist\"><span class=\"sizing reset-size6 size3 mtight\"><span class=\"mord mtight\">9<\/span><\/span><\/span><span class=\"vlist-s\">\u200b<\/span><\/span><\/span><\/span><\/span><span class=\"mord\"><span class=\"mord text\">H<\/span><span class=\"msupsub\"><span class=\"vlist-t vlist-t2\"><span class=\"vlist-r\"><span class=\"vlist\"><span class=\"sizing reset-size6 size3 mtight\"><span class=\"mord mtight\">10<\/span><\/span><\/span><span class=\"vlist-s\">\u200b<\/span><\/span><\/span><\/span><\/span><span class=\"mord\"><span class=\"mord text\">O<\/span><span class=\"msupsub\"><span class=\"vlist-t vlist-t2\"><span class=\"vlist-r\"><span class=\"vlist\"><span class=\"sizing reset-size6 size3 mtight\"><span class=\"mord mtight\">2<\/span><\/span><\/span><span class=\"vlist-s\">\u200b<\/span><\/span><\/span><\/span><\/span><\/span><\/span><\/span> oder <span class=\"katex\"><span class=\"katex-mathml\">C6H5CH2COOH\\text{C}_6\\text{H}_5\\text{CH}_2\\text{COOH}<\/span><span class=\"katex-html\" aria-hidden=\"true\"><span class=\"base\"><span class=\"mord\"><span class=\"mord text\">C<\/span><span class=\"msupsub\"><span class=\"vlist-t vlist-t2\"><span class=\"vlist-r\"><span class=\"vlist\"><span class=\"sizing reset-size6 size3 mtight\"><span class=\"mord mtight\">6<\/span><\/span><\/span><span class=\"vlist-s\">\u200b<\/span><\/span><\/span><\/span><\/span><span class=\"mord\"><span class=\"mord text\">H<\/span><span class=\"msupsub\"><span class=\"vlist-t vlist-t2\"><span class=\"vlist-r\"><span class=\"vlist\"><span class=\"sizing reset-size6 size3 mtight\"><span class=\"mord mtight\">5<\/span><\/span><\/span><span class=\"vlist-s\">\u200b<\/span><\/span><\/span><\/span><\/span><span class=\"mord\"><span class=\"mord text\">CH<\/span><span class=\"msupsub\"><span class=\"vlist-t vlist-t2\"><span class=\"vlist-r\"><span class=\"vlist\"><span class=\"sizing reset-size6 size3 mtight\"><span class=\"mord mtight\">2<\/span><\/span><\/span><span class=\"vlist-s\">\u200b<\/span><\/span><\/span><\/span><\/span><span class=\"mord text\"><span class=\"mord\">COOH<\/span><\/span><\/span><\/span><\/span>. Sie besteht aus einer Phenylgruppe, die an eine Essigs\u00e4uregruppe gebunden ist. Hier sind einige wichtige Punkte \u00fcber Phenylessigs\u00e4ure:<\/p>\n<h3>Physikalische Eigenschaften<\/h3>\n<ul>\n<li><strong>Erscheinungsbild<\/strong>: Farblose bis blassgelbe Fl\u00fcssigkeit oder Feststoff.<\/li>\n<li><strong>Siedepunkt<\/strong>: Ungef\u00e4hr 210 \u00b0C (410 \u00b0F).<\/li>\n<li><strong>Schmelzpunkt<\/strong>: Etwa 76 \u00b0C (169 \u00b0F).<\/li>\n<li><strong>Dichte<\/strong>: Ungef\u00e4hr 1,05 g\/cm\u00b3.<\/li>\n<li><strong>L\u00f6slichkeit<\/strong>: L\u00f6slich in Wasser, Alkohol und Ether.<\/li>\n<\/ul>\n<p>&nbsp;<\/p>","protected":false},"featured_media":525,"comment_status":"open","ping_status":"closed","template":"","meta":{"_joinchat":[]},"product_brand":[],"product_cat":[50],"product_tag":[],"class_list":{"0":"post-111","1":"product","2":"type-product","3":"status-publish","4":"has-post-thumbnail","6":"product_cat-chemical-manufacturing-and-synthesis","7":"product-column","9":"first","10":"instock","11":"shipping-taxable","12":"purchasable","13":"product-type-variable"},"yoast_head":"<!-- This site is optimized with the Yoast SEO plugin v25.8 - https:\/\/yoast.com\/wordpress\/plugins\/seo\/ -->\n<title>Buy Phenylacetic Acid Online - Phenylacetic Acid for Sale<\/title>\n<meta name=\"description\" content=\"It is the best time to visit our online ChemiCoPro store and buy phenylacetic acid online. We have phenylacetic acid for sale here. Meet us online and place your order today.\" \/>\n<meta name=\"robots\" content=\"index, follow, max-snippet:-1, max-image-preview:large, max-video-preview:-1\" \/>\n<link rel=\"canonical\" href=\"https:\/\/chemicopro.com\/de\/product\/phenylessigsaure\/\" \/>\n<meta property=\"og:locale\" content=\"de_DE\" \/>\n<meta property=\"og:type\" content=\"article\" \/>\n<meta property=\"og:title\" content=\"Buy Phenylacetic Acid Online - Phenylacetic Acid for Sale\" \/>\n<meta property=\"og:description\" content=\"It is the best time to visit our online ChemiCoPro store and buy phenylacetic acid online. We have phenylacetic acid for sale here. Meet us online and place your order today.\" \/>\n<meta property=\"og:url\" content=\"https:\/\/chemicopro.com\/de\/product\/phenylessigsaure\/\" \/>\n<meta property=\"og:site_name\" content=\"Chemico Pro\" \/>\n<meta property=\"article:modified_time\" content=\"2025-10-21T11:00:28+00:00\" \/>\n<meta property=\"og:image\" content=\"https:\/\/chemicopro.com\/wp-content\/uploads\/2024\/10\/Phenylacetic-Acid-1.gif\" \/>\n\t<meta property=\"og:image:width\" content=\"600\" \/>\n\t<meta property=\"og:image:height\" content=\"600\" \/>\n\t<meta property=\"og:image:type\" content=\"image\/gif\" \/>\n<meta name=\"twitter:card\" content=\"summary_large_image\" \/>\n<meta name=\"twitter:label1\" content=\"Gesch\u00e4tzte Lesezeit\" \/>\n\t<meta name=\"twitter:data1\" content=\"2\u00a0Minuten\" \/>\n<script type=\"application\/ld+json\" class=\"yoast-schema-graph\">{\"@context\":\"https:\/\/schema.org\",\"@graph\":[{\"@type\":\"WebPage\",\"@id\":\"https:\/\/chemicopro.com\/product\/phenylacetic-acid\/\",\"url\":\"https:\/\/chemicopro.com\/product\/phenylacetic-acid\/\",\"name\":\"Buy Phenylacetic Acid Online - Phenylacetic Acid for Sale\",\"isPartOf\":{\"@id\":\"https:\/\/chemicopro.com\/#website\"},\"primaryImageOfPage\":{\"@id\":\"https:\/\/chemicopro.com\/product\/phenylacetic-acid\/#primaryimage\"},\"image\":{\"@id\":\"https:\/\/chemicopro.com\/product\/phenylacetic-acid\/#primaryimage\"},\"thumbnailUrl\":\"https:\/\/chemicopro.com\/wp-content\/uploads\/2024\/10\/Phenylacetic-Acid-1.gif\",\"datePublished\":\"2024-10-25T07:00:47+00:00\",\"dateModified\":\"2025-10-21T11:00:28+00:00\",\"description\":\"It is the best time to visit our online ChemiCoPro store and buy phenylacetic acid online. We have phenylacetic acid for sale here. Meet us online and place your order today.\",\"breadcrumb\":{\"@id\":\"https:\/\/chemicopro.com\/product\/phenylacetic-acid\/#breadcrumb\"},\"inLanguage\":\"de-CH\",\"potentialAction\":[{\"@type\":\"ReadAction\",\"target\":[\"https:\/\/chemicopro.com\/product\/phenylacetic-acid\/\"]}]},{\"@type\":\"ImageObject\",\"inLanguage\":\"de-CH\",\"@id\":\"https:\/\/chemicopro.com\/product\/phenylacetic-acid\/#primaryimage\",\"url\":\"https:\/\/chemicopro.com\/wp-content\/uploads\/2024\/10\/Phenylacetic-Acid-1.gif\",\"contentUrl\":\"https:\/\/chemicopro.com\/wp-content\/uploads\/2024\/10\/Phenylacetic-Acid-1.gif\",\"width\":600,\"height\":600,\"caption\":\"Phenylacetic-Acid\"},{\"@type\":\"BreadcrumbList\",\"@id\":\"https:\/\/chemicopro.com\/product\/phenylacetic-acid\/#breadcrumb\",\"itemListElement\":[{\"@type\":\"ListItem\",\"position\":1,\"name\":\"Home\",\"item\":\"https:\/\/chemicopro.com\/\"},{\"@type\":\"ListItem\",\"position\":2,\"name\":\"Shop\",\"item\":\"https:\/\/chemicopro.com\/shop\/\"},{\"@type\":\"ListItem\",\"position\":3,\"name\":\"Phenylacetic Acid\"}]},{\"@type\":\"WebSite\",\"@id\":\"https:\/\/chemicopro.com\/#website\",\"url\":\"https:\/\/chemicopro.com\/\",\"name\":\"Chemico Pro\",\"description\":\"My WordPress Blog\",\"potentialAction\":[{\"@type\":\"SearchAction\",\"target\":{\"@type\":\"EntryPoint\",\"urlTemplate\":\"https:\/\/chemicopro.com\/?s={search_term_string}\"},\"query-input\":{\"@type\":\"PropertyValueSpecification\",\"valueRequired\":true,\"valueName\":\"search_term_string\"}}],\"inLanguage\":\"de-CH\"}]}<\/script>\n<!-- \/ Yoast SEO plugin. -->","yoast_head_json":{"title":"Phenylacetic Acid Online kaufen - Phenylacetic Acid for Sale","description":"Es ist die beste Zeit, unseren ChemiCoPro Online Shop zu besuchen und Phenylessigs\u00e4ure online zu kaufen. Wir haben Phenylessigs\u00e4ure zum Verkauf hier. Treffen Sie uns online und geben Sie Ihre Bestellung heute.","robots":{"index":"index","follow":"follow","max-snippet":"max-snippet:-1","max-image-preview":"max-image-preview:large","max-video-preview":"max-video-preview:-1"},"canonical":"https:\/\/chemicopro.com\/de\/product\/phenylessigsaure\/","og_locale":"de_DE","og_type":"article","og_title":"Buy Phenylacetic Acid Online - Phenylacetic Acid for Sale","og_description":"It is the best time to visit our online ChemiCoPro store and buy phenylacetic acid online. We have phenylacetic acid for sale here. Meet us online and place your order today.","og_url":"https:\/\/chemicopro.com\/de\/product\/phenylessigsaure\/","og_site_name":"Chemico Pro","article_modified_time":"2025-10-21T11:00:28+00:00","og_image":[{"width":600,"height":600,"url":"https:\/\/chemicopro.com\/wp-content\/uploads\/2024\/10\/Phenylacetic-Acid-1.gif","type":"image\/gif"}],"twitter_card":"summary_large_image","twitter_misc":{"Gesch\u00e4tzte Lesezeit":"2\u00a0Minuten"},"schema":{"@context":"https:\/\/schema.org","@graph":[{"@type":"WebPage","@id":"https:\/\/chemicopro.com\/product\/phenylacetic-acid\/","url":"https:\/\/chemicopro.com\/product\/phenylacetic-acid\/","name":"Phenylacetic Acid Online kaufen - Phenylacetic Acid for Sale","isPartOf":{"@id":"https:\/\/chemicopro.com\/#website"},"primaryImageOfPage":{"@id":"https:\/\/chemicopro.com\/product\/phenylacetic-acid\/#primaryimage"},"image":{"@id":"https:\/\/chemicopro.com\/product\/phenylacetic-acid\/#primaryimage"},"thumbnailUrl":"https:\/\/chemicopro.com\/wp-content\/uploads\/2024\/10\/Phenylacetic-Acid-1.gif","datePublished":"2024-10-25T07:00:47+00:00","dateModified":"2025-10-21T11:00:28+00:00","description":"Es ist die beste Zeit, unseren ChemiCoPro Online Shop zu besuchen und Phenylessigs\u00e4ure online zu kaufen. Wir haben Phenylessigs\u00e4ure zum Verkauf hier. Treffen Sie uns online und geben Sie Ihre Bestellung heute.","breadcrumb":{"@id":"https:\/\/chemicopro.com\/product\/phenylacetic-acid\/#breadcrumb"},"inLanguage":"de-CH","potentialAction":[{"@type":"ReadAction","target":["https:\/\/chemicopro.com\/product\/phenylacetic-acid\/"]}]},{"@type":"ImageObject","inLanguage":"de-CH","@id":"https:\/\/chemicopro.com\/product\/phenylacetic-acid\/#primaryimage","url":"https:\/\/chemicopro.com\/wp-content\/uploads\/2024\/10\/Phenylacetic-Acid-1.gif","contentUrl":"https:\/\/chemicopro.com\/wp-content\/uploads\/2024\/10\/Phenylacetic-Acid-1.gif","width":600,"height":600,"caption":"Phenylacetic-Acid"},{"@type":"BreadcrumbList","@id":"https:\/\/chemicopro.com\/product\/phenylacetic-acid\/#breadcrumb","itemListElement":[{"@type":"ListItem","position":1,"name":"Home","item":"https:\/\/chemicopro.com\/"},{"@type":"ListItem","position":2,"name":"Shop","item":"https:\/\/chemicopro.com\/shop\/"},{"@type":"ListItem","position":3,"name":"Phenylacetic Acid"}]},{"@type":"WebSite","@id":"https:\/\/chemicopro.com\/#website","url":"https:\/\/chemicopro.com\/","name":"Chemico Pro","description":"Mein WordPress-Blog","potentialAction":[{"@type":"SearchAction","target":{"@type":"EntryPoint","urlTemplate":"https:\/\/chemicopro.com\/?s={search_term_string}"},"query-input":{"@type":"PropertyValueSpecification","valueRequired":true,"valueName":"search_term_string"}}],"inLanguage":"de-CH"}]}},"_links":{"self":[{"href":"https:\/\/chemicopro.com\/de\/wp-json\/wp\/v2\/product\/111","targetHints":{"allow":["GET"]}}],"collection":[{"href":"https:\/\/chemicopro.com\/de\/wp-json\/wp\/v2\/product"}],"about":[{"href":"https:\/\/chemicopro.com\/de\/wp-json\/wp\/v2\/types\/product"}],"replies":[{"embeddable":true,"href":"https:\/\/chemicopro.com\/de\/wp-json\/wp\/v2\/comments?post=111"}],"wp:featuredmedia":[{"embeddable":true,"href":"https:\/\/chemicopro.com\/de\/wp-json\/wp\/v2\/media\/525"}],"wp:attachment":[{"href":"https:\/\/chemicopro.com\/de\/wp-json\/wp\/v2\/media?parent=111"}],"wp:term":[{"taxonomy":"product_brand","embeddable":true,"href":"https:\/\/chemicopro.com\/de\/wp-json\/wp\/v2\/product_brand?post=111"},{"taxonomy":"product_cat","embeddable":true,"href":"https:\/\/chemicopro.com\/de\/wp-json\/wp\/v2\/product_cat?post=111"},{"taxonomy":"product_tag","embeddable":true,"href":"https:\/\/chemicopro.com\/de\/wp-json\/wp\/v2\/product_tag?post=111"}],"curies":[{"name":"wp","href":"https:\/\/api.w.org\/{rel}","templated":true}]}}