{"id":97,"date":"2024-10-25T07:00:46","date_gmt":"2024-10-25T07:00:46","guid":{"rendered":"https:\/\/chemicopro.com\/?post_type=product&#038;p=97"},"modified":"2025-10-21T06:39:31","modified_gmt":"2025-10-21T06:39:31","slug":"isopropylamin","status":"publish","type":"product","link":"https:\/\/chemicopro.com\/de\/product\/isopropylamin\/","title":{"rendered":"Isopropylamin"},"content":{"rendered":"<h2>Kaufen Sie gro\u00dfe Mengen von Isopropylamin von vertrauensw\u00fcrdigen industriellen Lieferanten <a href=\"https:\/\/chemicopro.com\/de\/product\/phosphorsaure-hohe-konzentration\/\">|<\/a> CAS-NR. 75-31-0<\/h2>\n<p>Wenn Sie <a href=\"https:\/\/chemicopro.com\/de\/product\/isopropylamin\/\">Isopropylamin<\/a> f\u00fcr die Verwendung in Industrie, Landwirtschaft oder chemischer Synthese ben\u00f6tigen, m\u00fcssen Sie eine zuverl\u00e4ssige Quelle f\u00fcr Isopropylamin als Bulkware finden. Isopropylamin (CAS 75-31-0) ist eine wichtige industrielle chemische Verbindung, die in vielen Branchen wie der Landwirtschaft und der Medizin eingesetzt wird. Ganz gleich, ob Sie Isopropylamin als Bulkware kaufen m\u00f6chten oder einen vertrauensw\u00fcrdigen Gro\u00dfh\u00e4ndler suchen, die Suche nach reinem, qualitativ hochwertigem Isopropylamin gew\u00e4hrleistet die Effektivit\u00e4t und Sicherheit Ihres Betriebs<a href=\"https:\/\/rckopen.com\/product\/jwh-210\/\">.<\/a><\/p>\n<h3>Was ist Isopropylamin?<\/h3>\n<p>Isopropylamin (C\u2083H\u2089N) ist eine organische Verbindung, die aus einer Isopropylgruppe besteht, die an ein Amin gebunden ist. Es ist eine vielseitige Chemikalie, die als Baustein in der organischen Synthese dient.<\/p>\n<p><strong>Wichtige Eigenschaften<\/strong>:<\/p>\n<ul>\n<li><strong>Chemische Formel<\/strong>: C\u2083H\u2089N<\/li>\n<li><strong>Molekulargewicht<\/strong>: 59,11 g\/mol<\/li>\n<li><strong>Siedepunkt<\/strong>: Ungef\u00e4hr 32 \u00b0C (90 \u00b0F)<\/li>\n<li><strong>Flammpunkt<\/strong>: 10 \u00b0C (50 \u00b0F)<\/li>\n<li><strong>L\u00f6slichkeit<\/strong>: L\u00f6slich in Wasser und den meisten organischen L\u00f6sungsmitteln<\/li>\n<\/ul>\n<h4>Warum Chemicopro f\u00fcr Isopropylamin w\u00e4hlen?<\/h4>\n<p><strong>1. Hohe Reinheit f\u00fcr effektive industrielle Leistung<\/strong><br \/>\nBei der Formulierung unseres Isopropylamins wurde besonderer Wert auf Reinheit gelegt, so dass es ideal ist f\u00fcr <strong>chemische Synthese, landwirtschaftliche Formulierungen und Kautschukherstellung<\/strong>. Das hochwertige Isopropylamin von Chemicopro bietet Zuverl\u00e4ssigkeit in jeder Anwendung und steigert die Effizienz von Produktions- und Landwirtschaftsprozessen.<\/p>\n<p><strong>2. Gro\u00dfmengen f\u00fcr Kosteneffizienz<\/strong><br \/>\nChemicopro liefert Isopropylamin in flexiblen Mengen, von kleinen Gebinden bis hin zu <strong>Gro\u00dfauftr\u00e4ge<\/strong> f\u00fcr gro\u00df angelegte Industrieprojekte. Mit wettbewerbsf\u00e4higen Preisen ist unser Isopropylamin eine wirtschaftliche Wahl f\u00fcr Unternehmen, die eine zuverl\u00e4ssige Versorgung ohne Qualit\u00e4tseinbu\u00dfen ben\u00f6tigen.<\/p>\n<p><strong>3. Zuverl\u00e4ssiger globaler Versand und sichere Verpackung<\/strong><br \/>\nWir bieten einen sicheren und effizienten weltweiten Versand mit einer Verpackung, die die Unversehrtheit von Isopropylamin w\u00e4hrend des Transports gew\u00e4hrleistet. Wir bedienen Kunden in <strong>Nordamerika, Europa, Asien und S\u00fcdamerika<\/strong>, <a href=\"https:\/\/chemicopro.com\/de\/\">Chemicopro<\/a> sorgt daf\u00fcr, dass Ihr Isopropylamin sicher und p\u00fcnktlich ankommt.<\/p>\n<h3>Wichtige Anwendungen von Isopropylamin<\/h3>\n<p><strong>Landwirtschaftliche Herbizide<\/strong><br \/>\nIsopropylamin wird h\u00e4ufig als Zwischenprodukt f\u00fcr die Herstellung von <strong>Herbizide<\/strong>wie Glyphosat, das f\u00fcr die Unkrautbek\u00e4mpfung und die Steigerung der Ernteertr\u00e4ge unerl\u00e4sslich ist.<\/p>\n<p><strong>Chemische Synthese<\/strong><br \/>\nIn der chemischen Industrie dient Isopropylamin als wichtiger Baustein f\u00fcr die Synthese verschiedener <strong>Pharmazeutika, Farbstoffe und Industriechemikalien<\/strong>und hilft bei der Herstellung von komplexen Verbindungen.<\/p>\n<p><strong>Gummi- und Polymerproduktion<\/strong><br \/>\nIsopropylamin wird auch verwendet in <strong>Gummi- und Polymerherstellung<\/strong>Sie verbessern die Eigenschaften und unterst\u00fctzen die chemische Stabilit\u00e4t dieser Materialien.<\/p>\n<h3>Vorteile der Wahl von Chemicopro's Isopropylamin<\/h3>\n<ul>\n<li><strong>Hohe Reinheit und Konsistenz<\/strong>: Ideal f\u00fcr landwirtschaftliche, industrielle und chemische Anwendungen, bei denen Qualit\u00e4t entscheidend ist.<\/li>\n<li><strong>Flexible Gro\u00dfbestellung<\/strong>: Erh\u00e4ltlich in Mengen, die sowohl f\u00fcr kleine Labore als auch f\u00fcr Gro\u00dfbetriebe geeignet sind.<\/li>\n<li><strong>Zuverl\u00e4ssige globale Lieferung<\/strong>: Sichere Verpackung und zuverl\u00e4ssiger Versand zur Qualit\u00e4tssicherung.<\/li>\n<\/ul>\n<h3>Isopropylamin bestellen bei Chemicopro<\/h3>\n<p>W\u00e4hlen Sie <strong>Chemicopro.de<\/strong> f\u00fcr Ihre <a href=\"https:\/\/en.wikipedia.org\/wiki\/Isopropylamine\"><strong>Isopropylamin<\/strong><\/a> Bed\u00fcrfnisse, ob f\u00fcr <strong>landwirtschaftliche, chemische oder industrielle Verwendung<\/strong>. Mit einer Verpflichtung zu Qualit\u00e4t, wettbewerbsf\u00e4higen Preisen und einem sicheren Versand bietet Chemicopro Isopropylamin f\u00fcr Unternehmen weltweit.<\/p>\n<p><strong>Kontakt<\/strong> um eine Bestellung aufzugeben oder mehr dar\u00fcber zu erfahren, wie Chemicopro's Isopropylamin Ihre Produktionsanforderungen unterst\u00fctzen kann. Entdecken Sie den Chemicopro-Unterschied - bew\u00e4hrte Qualit\u00e4t und Service f\u00fcr Profis.<\/p>\n<hr \/>","protected":false},"excerpt":{"rendered":"<p>Isopropylamin ist eine farblose, brennbare Fl\u00fcssigkeit mit einem ausgepr\u00e4gten ammoniakartigen Geruch. Als einfaches prim\u00e4res Amin spielt es eine wichtige Rolle in verschiedenen industriellen und chemischen Anwendungen. In diesem Artikel werden die Eigenschaften, die wichtigsten Verwendungen und wichtige Sicherheitsaspekte im Zusammenhang mit Isopropylamin untersucht.<\/p>\n<p><strong>Synonym(e): Isopropylamin, 2-Aminopropan<\/strong><br \/>\n<strong>Lineare Formel: (CH3)2CHNH2<\/strong><br \/>\n<strong>CAS-Nr.:75-31-0<\/strong><br \/>\n<strong>Molekulargewicht:59.11<\/strong><br \/>\n<strong>EG-Nr.:200-860-9<\/strong><br \/>\n<strong>Beilstein Nr.:605259<\/strong><\/p>","protected":false},"featured_media":547,"comment_status":"open","ping_status":"closed","template":"","meta":{"_joinchat":[]},"product_brand":[],"product_cat":[163],"product_tag":[257,258,259,260,261,262,263,264,265,266,267,268,269,270,271,272,273,274,275,276,277,278,279,280,281],"class_list":{"0":"post-97","1":"product","2":"type-product","3":"status-publish","4":"has-post-thumbnail","6":"product_cat-solvents-and-cleaning-agents","7":"product_tag-buy-isopropylamine-cas-75-31-0","8":"product_tag-buy-isopropylamine-in-bulk","9":"product_tag-high-purity-isopropylamine-supplier","10":"product_tag-isopropylamine-99-purity-supplier","11":"product_tag-isopropylamine-bulk-supplier","12":"product_tag-isopropylamine-cas-75-31-0","13":"product_tag-isopropylamine-cas-75-31-0-bulk-supplier","14":"product_tag-isopropylamine-cas-75-31-0-price","15":"product_tag-isopropylamine-cas-number-supplier","16":"product_tag-isopropylamine-chemical-compound-for-sale","17":"product_tag-isopropylamine-chemical-compound-supplier","18":"product_tag-isopropylamine-chemical-distributor","19":"product_tag-isopropylamine-chemical-for-sale","20":"product_tag-isopropylamine-chemical-procurement","21":"product_tag-isopropylamine-chemical-supply-chain","22":"product_tag-isopropylamine-for-agricultural-applications","23":"product_tag-isopropylamine-for-chemical-synthesis","24":"product_tag-isopropylamine-for-industrial-use","25":"product_tag-isopropylamine-industrial-applications","26":"product_tag-isopropylamine-industrial-chemical-supplier","27":"product_tag-isopropylamine-industrial-grade-supplier","28":"product_tag-isopropylamine-manufacturers-and-suppliers","29":"product_tag-isopropylamine-price-per-ton","30":"product_tag-isopropylamine-wholesale-distributor","31":"product_tag-isopropylamine-wholesale-supplier","32":"product-column","34":"first","35":"instock","36":"shipping-taxable","37":"purchasable","38":"product-type-variable"},"yoast_head":"<!-- This site is optimized with the Yoast SEO plugin v25.8 - https:\/\/yoast.com\/wordpress\/plugins\/seo\/ -->\n<title>Buy Isopropylamine Online - Isopropylamine for Sale | Chemicopro<\/title>\n<meta name=\"description\" content=\"Our ChemiCoPro online store has high-quality Isopropylamine for sale. If you are willing to buy Isopropylamine online, then let us know. We will complete your requirements soon!\" \/>\n<meta name=\"robots\" content=\"index, follow, max-snippet:-1, max-image-preview:large, max-video-preview:-1\" \/>\n<link rel=\"canonical\" href=\"https:\/\/chemicopro.com\/de\/product\/isopropylamin\/\" \/>\n<meta property=\"og:locale\" content=\"de_DE\" \/>\n<meta property=\"og:type\" content=\"article\" \/>\n<meta property=\"og:title\" content=\"Buy Isopropylamine Online - Isopropylamine for Sale | Chemicopro\" \/>\n<meta property=\"og:description\" content=\"Our ChemiCoPro online store has high-quality Isopropylamine for sale. If you are willing to buy Isopropylamine online, then let us know. We will complete your requirements soon!\" \/>\n<meta property=\"og:url\" content=\"https:\/\/chemicopro.com\/de\/product\/isopropylamin\/\" \/>\n<meta property=\"og:site_name\" content=\"Chemico Pro\" \/>\n<meta property=\"article:modified_time\" content=\"2025-10-21T06:39:31+00:00\" \/>\n<meta property=\"og:image\" content=\"https:\/\/chemicopro.com\/wp-content\/uploads\/2024\/10\/Isopropylamine-1.gif\" \/>\n\t<meta property=\"og:image:width\" content=\"600\" \/>\n\t<meta property=\"og:image:height\" content=\"600\" \/>\n\t<meta property=\"og:image:type\" content=\"image\/gif\" \/>\n<meta name=\"twitter:card\" content=\"summary_large_image\" \/>\n<meta name=\"twitter:label1\" content=\"Gesch\u00e4tzte Lesezeit\" \/>\n\t<meta name=\"twitter:data1\" content=\"3\u00a0Minuten\" \/>\n<script type=\"application\/ld+json\" class=\"yoast-schema-graph\">{\"@context\":\"https:\/\/schema.org\",\"@graph\":[{\"@type\":\"WebPage\",\"@id\":\"https:\/\/chemicopro.com\/product\/isopropylamine\/\",\"url\":\"https:\/\/chemicopro.com\/product\/isopropylamine\/\",\"name\":\"Buy Isopropylamine Online - Isopropylamine for Sale | Chemicopro\",\"isPartOf\":{\"@id\":\"https:\/\/chemicopro.com\/#website\"},\"primaryImageOfPage\":{\"@id\":\"https:\/\/chemicopro.com\/product\/isopropylamine\/#primaryimage\"},\"image\":{\"@id\":\"https:\/\/chemicopro.com\/product\/isopropylamine\/#primaryimage\"},\"thumbnailUrl\":\"https:\/\/chemicopro.com\/wp-content\/uploads\/2024\/10\/Isopropylamine-1.gif\",\"datePublished\":\"2024-10-25T07:00:46+00:00\",\"dateModified\":\"2025-10-21T06:39:31+00:00\",\"description\":\"Our ChemiCoPro online store has high-quality Isopropylamine for sale. If you are willing to buy Isopropylamine online, then let us know. We will complete your requirements soon!\",\"breadcrumb\":{\"@id\":\"https:\/\/chemicopro.com\/product\/isopropylamine\/#breadcrumb\"},\"inLanguage\":\"de-CH\",\"potentialAction\":[{\"@type\":\"ReadAction\",\"target\":[\"https:\/\/chemicopro.com\/product\/isopropylamine\/\"]}]},{\"@type\":\"ImageObject\",\"inLanguage\":\"de-CH\",\"@id\":\"https:\/\/chemicopro.com\/product\/isopropylamine\/#primaryimage\",\"url\":\"https:\/\/chemicopro.com\/wp-content\/uploads\/2024\/10\/Isopropylamine-1.gif\",\"contentUrl\":\"https:\/\/chemicopro.com\/wp-content\/uploads\/2024\/10\/Isopropylamine-1.gif\",\"width\":600,\"height\":600,\"caption\":\"Isopropylamine\"},{\"@type\":\"BreadcrumbList\",\"@id\":\"https:\/\/chemicopro.com\/product\/isopropylamine\/#breadcrumb\",\"itemListElement\":[{\"@type\":\"ListItem\",\"position\":1,\"name\":\"Home\",\"item\":\"https:\/\/chemicopro.com\/\"},{\"@type\":\"ListItem\",\"position\":2,\"name\":\"Shop\",\"item\":\"https:\/\/chemicopro.com\/shop\/\"},{\"@type\":\"ListItem\",\"position\":3,\"name\":\"Isopropylamine\"}]},{\"@type\":\"WebSite\",\"@id\":\"https:\/\/chemicopro.com\/#website\",\"url\":\"https:\/\/chemicopro.com\/\",\"name\":\"Chemico Pro\",\"description\":\"My WordPress Blog\",\"potentialAction\":[{\"@type\":\"SearchAction\",\"target\":{\"@type\":\"EntryPoint\",\"urlTemplate\":\"https:\/\/chemicopro.com\/?s={search_term_string}\"},\"query-input\":{\"@type\":\"PropertyValueSpecification\",\"valueRequired\":true,\"valueName\":\"search_term_string\"}}],\"inLanguage\":\"de-CH\"}]}<\/script>\n<!-- \/ Yoast SEO plugin. -->","yoast_head_json":{"title":"Isopropylamin online kaufen - Isopropylamin zu verkaufen | Chemicopro","description":"Unser ChemiCoPro Online-Shop hat hochwertige Isopropylamin zu verkaufen. Wenn Sie Isopropylamin online kaufen m\u00f6chten, dann lassen Sie es uns wissen. Wir werden Ihre Anforderungen bald erf\u00fcllen!","robots":{"index":"index","follow":"follow","max-snippet":"max-snippet:-1","max-image-preview":"max-image-preview:large","max-video-preview":"max-video-preview:-1"},"canonical":"https:\/\/chemicopro.com\/de\/product\/isopropylamin\/","og_locale":"de_DE","og_type":"article","og_title":"Buy Isopropylamine Online - Isopropylamine for Sale | Chemicopro","og_description":"Our ChemiCoPro online store has high-quality Isopropylamine for sale. If you are willing to buy Isopropylamine online, then let us know. We will complete your requirements soon!","og_url":"https:\/\/chemicopro.com\/de\/product\/isopropylamin\/","og_site_name":"Chemico Pro","article_modified_time":"2025-10-21T06:39:31+00:00","og_image":[{"width":600,"height":600,"url":"https:\/\/chemicopro.com\/wp-content\/uploads\/2024\/10\/Isopropylamine-1.gif","type":"image\/gif"}],"twitter_card":"summary_large_image","twitter_misc":{"Gesch\u00e4tzte Lesezeit":"3\u00a0Minuten"},"schema":{"@context":"https:\/\/schema.org","@graph":[{"@type":"WebPage","@id":"https:\/\/chemicopro.com\/product\/isopropylamine\/","url":"https:\/\/chemicopro.com\/product\/isopropylamine\/","name":"Isopropylamin online kaufen - Isopropylamin zu verkaufen | Chemicopro","isPartOf":{"@id":"https:\/\/chemicopro.com\/#website"},"primaryImageOfPage":{"@id":"https:\/\/chemicopro.com\/product\/isopropylamine\/#primaryimage"},"image":{"@id":"https:\/\/chemicopro.com\/product\/isopropylamine\/#primaryimage"},"thumbnailUrl":"https:\/\/chemicopro.com\/wp-content\/uploads\/2024\/10\/Isopropylamine-1.gif","datePublished":"2024-10-25T07:00:46+00:00","dateModified":"2025-10-21T06:39:31+00:00","description":"Unser ChemiCoPro Online-Shop hat hochwertige Isopropylamin zu verkaufen. Wenn Sie Isopropylamin online kaufen m\u00f6chten, dann lassen Sie es uns wissen. Wir werden Ihre Anforderungen bald erf\u00fcllen!","breadcrumb":{"@id":"https:\/\/chemicopro.com\/product\/isopropylamine\/#breadcrumb"},"inLanguage":"de-CH","potentialAction":[{"@type":"ReadAction","target":["https:\/\/chemicopro.com\/product\/isopropylamine\/"]}]},{"@type":"ImageObject","inLanguage":"de-CH","@id":"https:\/\/chemicopro.com\/product\/isopropylamine\/#primaryimage","url":"https:\/\/chemicopro.com\/wp-content\/uploads\/2024\/10\/Isopropylamine-1.gif","contentUrl":"https:\/\/chemicopro.com\/wp-content\/uploads\/2024\/10\/Isopropylamine-1.gif","width":600,"height":600,"caption":"Isopropylamine"},{"@type":"BreadcrumbList","@id":"https:\/\/chemicopro.com\/product\/isopropylamine\/#breadcrumb","itemListElement":[{"@type":"ListItem","position":1,"name":"Home","item":"https:\/\/chemicopro.com\/"},{"@type":"ListItem","position":2,"name":"Shop","item":"https:\/\/chemicopro.com\/shop\/"},{"@type":"ListItem","position":3,"name":"Isopropylamine"}]},{"@type":"WebSite","@id":"https:\/\/chemicopro.com\/#website","url":"https:\/\/chemicopro.com\/","name":"Chemico Pro","description":"Mein WordPress-Blog","potentialAction":[{"@type":"SearchAction","target":{"@type":"EntryPoint","urlTemplate":"https:\/\/chemicopro.com\/?s={search_term_string}"},"query-input":{"@type":"PropertyValueSpecification","valueRequired":true,"valueName":"search_term_string"}}],"inLanguage":"de-CH"}]}},"_links":{"self":[{"href":"https:\/\/chemicopro.com\/de\/wp-json\/wp\/v2\/product\/97","targetHints":{"allow":["GET"]}}],"collection":[{"href":"https:\/\/chemicopro.com\/de\/wp-json\/wp\/v2\/product"}],"about":[{"href":"https:\/\/chemicopro.com\/de\/wp-json\/wp\/v2\/types\/product"}],"replies":[{"embeddable":true,"href":"https:\/\/chemicopro.com\/de\/wp-json\/wp\/v2\/comments?post=97"}],"wp:featuredmedia":[{"embeddable":true,"href":"https:\/\/chemicopro.com\/de\/wp-json\/wp\/v2\/media\/547"}],"wp:attachment":[{"href":"https:\/\/chemicopro.com\/de\/wp-json\/wp\/v2\/media?parent=97"}],"wp:term":[{"taxonomy":"product_brand","embeddable":true,"href":"https:\/\/chemicopro.com\/de\/wp-json\/wp\/v2\/product_brand?post=97"},{"taxonomy":"product_cat","embeddable":true,"href":"https:\/\/chemicopro.com\/de\/wp-json\/wp\/v2\/product_cat?post=97"},{"taxonomy":"product_tag","embeddable":true,"href":"https:\/\/chemicopro.com\/de\/wp-json\/wp\/v2\/product_tag?post=97"}],"curies":[{"name":"wp","href":"https:\/\/api.w.org\/{rel}","templated":true}]}}